{"id":38,"date":"2026-04-17T16:32:03","date_gmt":"2026-04-17T16:32:03","guid":{"rendered":"https:\/\/somosbestiarii.com\/?page_id=38"},"modified":"2026-04-18T04:58:11","modified_gmt":"2026-04-18T04:58:11","slug":"musica","status":"publish","type":"page","link":"https:\/\/somosbestiarii.com\/index.php\/musica\/","title":{"rendered":"M\u00fasica"},"content":{"rendered":"\n<details class=\"wp-block-details has-small-font-size is-layout-flow wp-block-details-is-layout-flow\"><summary><strong>Cr\u00e9ditos<\/strong><\/summary>\n<p><strong><strong>Thorben Schuett<\/strong>:<\/strong> Composici\u00f3n, producci\u00f3n, trombones y coros.<\/p>\n\n\n\n<p><strong>Jos\u00e9 Ram\u00f3n:<\/strong> Composici\u00f3n, producci\u00f3n, trombones.<\/p>\n\n\n\n<p><strong>Ronald G\u00f3mez:<\/strong> Voz principal y coros.<\/p>\n\n\n\n<p><strong>Diego Eslava:<\/strong> Tres y coros.<\/p>\n\n\n\n<p><strong>Juan Miguel \u00c1lvarez:<\/strong> Coros.<\/p>\n\n\n\n<p><strong>Cesar Alencastre:<\/strong> Percusi\u00f3n.<\/p>\n\n\n\n<p><strong>Tony Velardi:<\/strong> Piano.<\/p>\n\n\n\n<p><strong>Carlos Ch\u00e1vez:<\/strong> Bajo.<\/p>\n<\/details>\n\n\n\n<p><\/p>\n\n\n\n<p><\/p>\n\n\n\n<figure class=\"wp-block-embed is-type-rich is-provider-spotify wp-block-embed-spotify wp-embed-aspect-21-9 wp-has-aspect-ratio\" style=\"margin-top:0;margin-right:0;margin-bottom:0;margin-left:0\"><div class=\"wp-block-embed__wrapper\">\n<iframe title=\"Spotify Embed: Soy el mas Fuerte\" style=\"border-radius: 12px\" width=\"100%\" height=\"152\" frameborder=\"0\" allowfullscreen allow=\"autoplay; clipboard-write; encrypted-media; fullscreen; picture-in-picture\" loading=\"lazy\" src=\"https:\/\/open.spotify.com\/embed\/track\/4BE38C543XRB53UAmDmDJb?si=689d8efa131e4f9a&amp;utm_source=oembed\"><\/iframe>\n<\/div><\/figure>\n\n\n\n<details class=\"wp-block-details has-small-font-size is-layout-flow wp-block-details-is-layout-flow\"><summary><strong>Cr\u00e9ditos<\/strong><\/summary>\n<p><strong>Jos\u00e9 Ram\u00f3n \u00c1lvarez:<\/strong> Letra y preproducci\u00f3n.<\/p>\n\n\n\n<p><strong>Autor N\u00f3mada:<\/strong> Letra.<\/p>\n\n\n\n<p><strong>Eddy Lugo:<\/strong> Letra, preproducci\u00f3n, coros y coros de tambor.<\/p>\n\n\n\n<p><strong>Ronald G\u00f3mez:<\/strong> Letra, voz principal y coros.<\/p>\n\n\n\n<p><strong><strong>Thorben Schuett<\/strong>:<\/strong> Preproducci\u00f3n y coros.<\/p>\n\n\n\n<p><strong>Daniel Urriera:<\/strong> Preproducci\u00f3n.<\/p>\n\n\n\n<p><strong>Diego Armando:<\/strong> Percusi\u00f3n (timbal, conga, bongo y campana).<\/p>\n\n\n\n<p><strong>Jossueth Manrique:<\/strong> Piano.<\/p>\n\n\n\n<p><strong>Wilmer Herrera:<\/strong> Bajo.<\/p>\n\n\n\n<p><strong>Juan Miguel \u00c1lvarez:<\/strong> Coros.<\/p>\n\n\n\n<p><strong>Cesar Montero:<\/strong> Coros de tambor.<\/p>\n<\/details>\n\n\n\n<p><\/p>\n\n\n\n<p><\/p>\n\n\n\n<figure class=\"wp-block-embed is-type-rich is-provider-spotify wp-block-embed-spotify wp-embed-aspect-21-9 wp-has-aspect-ratio\"><div class=\"wp-block-embed__wrapper\">\n<iframe title=\"Spotify Embed: Ella baila Salsa\" style=\"border-radius: 12px\" width=\"100%\" height=\"152\" frameborder=\"0\" allowfullscreen allow=\"autoplay; clipboard-write; encrypted-media; fullscreen; picture-in-picture\" loading=\"lazy\" src=\"https:\/\/open.spotify.com\/embed\/track\/2tZPq3ugVsS7e5wpqI2egI?si=71fa1bdc6c6d45b4&amp;utm_source=oembed\"><\/iframe>\n<\/div><\/figure>\n\n\n\n<details class=\"wp-block-details has-small-font-size is-layout-flow wp-block-details-is-layout-flow\"><summary><strong>Cr\u00e9ditos<\/strong><\/summary>\n<p><strong>Jos\u00e9 Ram\u00f3n \u00c1lvarez:<\/strong> Letra, preproducci\u00f3n.<\/p>\n\n\n\n<p><strong>Thorben Schuett<\/strong>: Letra, preproducci\u00f3n.<\/p>\n\n\n\n<p><strong>Eddy Lugo:<\/strong> Letra, preproducci\u00f3n.<\/p>\n\n\n\n<p><strong>Jossueth Manrique:<\/strong> Piano.<\/p>\n\n\n\n<p><strong>Abril K\u00fcttel:<\/strong> Arte y dise\u00f1o.<\/p>\n\n\n\n<p><\/p>\n\n\n\n<p><\/p>\n<\/details>\n\n\n\n<figure class=\"wp-block-embed is-type-rich is-provider-spotify wp-block-embed-spotify wp-embed-aspect-21-9 wp-has-aspect-ratio\"><div class=\"wp-block-embed__wrapper\">\n<iframe title=\"Spotify Embed: Me falta el Tiempo\" style=\"border-radius: 12px\" width=\"100%\" height=\"152\" frameborder=\"0\" allowfullscreen allow=\"autoplay; clipboard-write; encrypted-media; fullscreen; picture-in-picture\" loading=\"lazy\" src=\"https:\/\/open.spotify.com\/embed\/track\/5fr7VdXg8cxtw83aLN9jri?si=6e9c7b3de2424d23&amp;utm_source=oembed\"><\/iframe>\n<\/div><\/figure>\n\n\n\n<details class=\"wp-block-details has-small-font-size is-layout-flow wp-block-details-is-layout-flow\"><summary><strong>Cr\u00e9ditos<\/strong><\/summary>\n<p><strong>Jos\u00e9 Ram\u00f3n \u00c1lvarez:<\/strong> Composici\u00f3n musical, letra y trombones.<\/p>\n\n\n\n<p><strong>Alexander Medina:<\/strong> Composici\u00f3n musical.<\/p>\n\n\n\n<p><strong><strong>Thorben Schuett<\/strong>:<\/strong> Composici\u00f3n musical, trombones y solo de tromb\u00f3n.<\/p>\n\n\n\n<p><strong>Eddy Rafael Lugo:<\/strong> Letra (invitado especial).<\/p>\n\n\n\n<p><strong>Daniela Melet:<\/strong> Coros.<\/p>\n\n\n\n<p><strong>Arnaldo Ojeda:<\/strong> Coros.<\/p>\n\n\n\n<p><strong>Edgar Palacios:<\/strong> Percusi\u00f3n.<\/p>\n\n\n\n<p><strong>Alejandro Mu\u00f1oz:<\/strong> Bajo.<\/p>\n\n\n\n<p><strong>Ronald M\u00e1rquez:<\/strong> Piano.<\/p>\n\n\n\n<p><strong>Jossueth Manrique:<\/strong> Cuerdas.<\/p>\n\n\n\n<p><strong>Alexander K\u00fcttel:<\/strong> Ingenier\u00eda de sonido y AK Producciones.<\/p>\n\n\n\n<p><strong>Carlos Quinto:<\/strong> Ingenier\u00eda de mezcla y masterizaci\u00f3n.<\/p>\n\n\n\n<p><strong>Abril K\u00fcttel:<\/strong> Arte y dise\u00f1o.<\/p>\n<\/details>\n\n\n\n<p><\/p>\n\n\n\n<p><\/p>\n\n\n\n<figure class=\"wp-block-embed is-type-rich is-provider-spotify wp-block-embed-spotify wp-embed-aspect-21-9 wp-has-aspect-ratio\"><div class=\"wp-block-embed__wrapper\">\n<iframe title=\"Spotify Embed: Superh\u00e9roe\" style=\"border-radius: 12px\" width=\"100%\" height=\"152\" frameborder=\"0\" allowfullscreen allow=\"autoplay; clipboard-write; encrypted-media; fullscreen; picture-in-picture\" loading=\"lazy\" src=\"https:\/\/open.spotify.com\/embed\/track\/2SSrEJOmkZtAfS7rV1LqVU?si=8627353c54d24d29&amp;utm_source=oembed\"><\/iframe>\n<\/div><\/figure>\n\n\n\n<details class=\"wp-block-details has-small-font-size is-layout-flow wp-block-details-is-layout-flow\"><summary><strong>Cr\u00e9ditos<\/strong><\/summary>\n<p><strong>Charlie Guzm\u00e1n:<\/strong> Letra.<\/p>\n\n\n\n<p><strong>Jos\u00e9 Ram\u00f3n \u00c1lvarez:<\/strong> Letra, producci\u00f3n, trombones y dedicatoria (Isabella J\u00fapiter).<\/p>\n\n\n\n<p><strong>Thorben Schuett:<\/strong> Producci\u00f3n, trombones y solo de tromb\u00f3n.<\/p>\n\n\n\n<p><strong>Jossueth Manrique:<\/strong> Producci\u00f3n, piano, trombones y voces.<\/p>\n\n\n\n<p><strong>Joel Silvalo:<\/strong> Bajo.<\/p>\n\n\n\n<p><strong>Diego Armando:<\/strong> Percusi\u00f3n.<\/p>\n\n\n\n<p><strong>Alfonso Orozco:<\/strong> Voces.<\/p>\n\n\n\n<p><strong>Orlando Villegas:<\/strong> Voces.<\/p>\n\n\n\n<p><strong>Wuiston Garc\u00eda:<\/strong> Voces.<\/p>\n\n\n\n<p><strong>Arnaldo Ojeda:<\/strong> Voces.<\/p>\n\n\n\n<p><strong>Carlos Quinto:<\/strong> Mezcla y masterizaci\u00f3n.<\/p>\n\n\n\n<p><strong>Alexander K\u00fcttel:<\/strong> Ingenier\u00eda de sonido.<\/p>\n\n\n\n<p><strong>Colaboraci\u00f3n especial:<\/strong> Boquillas K&amp;G.<\/p>\n\n\n\n<p><strong>Abril K\u00fcttel:<\/strong> Arte y dise\u00f1o.<\/p>\n\n\n\n<p><\/p>\n<\/details>\n\n\n\n<p><\/p>\n\n\n\n<figure class=\"wp-block-embed is-type-rich is-provider-spotify wp-block-embed-spotify wp-embed-aspect-21-9 wp-has-aspect-ratio\"><div class=\"wp-block-embed__wrapper\">\n<iframe title=\"Spotify Embed: Af\u00e9rrate al Amor (feat. Charlie Guzm\u00e1n)\" style=\"border-radius: 12px\" width=\"100%\" height=\"152\" frameborder=\"0\" allowfullscreen allow=\"autoplay; clipboard-write; encrypted-media; fullscreen; picture-in-picture\" loading=\"lazy\" src=\"https:\/\/open.spotify.com\/embed\/track\/6cAzCGiDTAA7uFCmKP4Y9G?si=14c58f6857244bb8&amp;utm_source=oembed\"><\/iframe>\n<\/div><\/figure>\n","protected":false},"excerpt":{"rendered":"","protected":false},"author":1,"featured_media":0,"parent":0,"menu_order":5,"comment_status":"closed","ping_status":"closed","template":"","meta":{"footnotes":""},"class_list":["post-38","page","type-page","status-publish","hentry"],"yoast_head":"<!-- This site is optimized with the Yoast SEO plugin v27.4 - https:\/\/yoast.com\/product\/yoast-seo-wordpress\/ -->\n<title>M\u00fasica - Somos Bestiarii<\/title>\n<meta name=\"robots\" content=\"index, follow, max-snippet:-1, max-image-preview:large, max-video-preview:-1\" \/>\n<link rel=\"canonical\" href=\"https:\/\/somosbestiarii.com\/index.php\/musica\/\" \/>\n<meta property=\"og:locale\" content=\"es_ES\" \/>\n<meta property=\"og:type\" content=\"article\" \/>\n<meta property=\"og:title\" content=\"M\u00fasica - Somos Bestiarii\" \/>\n<meta property=\"og:url\" content=\"https:\/\/somosbestiarii.com\/index.php\/musica\/\" \/>\n<meta property=\"og:site_name\" content=\"Somos Bestiarii\" \/>\n<meta property=\"article:modified_time\" content=\"2026-04-18T04:58:11+00:00\" \/>\n<meta name=\"twitter:card\" content=\"summary_large_image\" \/>\n<meta name=\"twitter:label1\" content=\"Tiempo de lectura\" \/>\n\t<meta name=\"twitter:data1\" content=\"2 minutos\" \/>\n<script type=\"application\/ld+json\" class=\"yoast-schema-graph\">{\"@context\":\"https:\\\/\\\/schema.org\",\"@graph\":[{\"@type\":\"WebPage\",\"@id\":\"https:\\\/\\\/somosbestiarii.com\\\/index.php\\\/musica\\\/\",\"url\":\"https:\\\/\\\/somosbestiarii.com\\\/index.php\\\/musica\\\/\",\"name\":\"M\u00fasica - Somos Bestiarii\",\"isPartOf\":{\"@id\":\"https:\\\/\\\/somosbestiarii.com\\\/#website\"},\"datePublished\":\"2026-04-17T16:32:03+00:00\",\"dateModified\":\"2026-04-18T04:58:11+00:00\",\"breadcrumb\":{\"@id\":\"https:\\\/\\\/somosbestiarii.com\\\/index.php\\\/musica\\\/#breadcrumb\"},\"inLanguage\":\"es\",\"potentialAction\":[{\"@type\":\"ReadAction\",\"target\":[\"https:\\\/\\\/somosbestiarii.com\\\/index.php\\\/musica\\\/\"]}]},{\"@type\":\"BreadcrumbList\",\"@id\":\"https:\\\/\\\/somosbestiarii.com\\\/index.php\\\/musica\\\/#breadcrumb\",\"itemListElement\":[{\"@type\":\"ListItem\",\"position\":1,\"name\":\"Portada\",\"item\":\"https:\\\/\\\/somosbestiarii.com\\\/\"},{\"@type\":\"ListItem\",\"position\":2,\"name\":\"M\u00fasica\"}]},{\"@type\":\"WebSite\",\"@id\":\"https:\\\/\\\/somosbestiarii.com\\\/#website\",\"url\":\"https:\\\/\\\/somosbestiarii.com\\\/\",\"name\":\"Somos Bestiarii\",\"description\":\"\u00a1Tu transformaci\u00f3n musical comienza aqu\u00ed!\",\"publisher\":{\"@id\":\"https:\\\/\\\/somosbestiarii.com\\\/#organization\"},\"potentialAction\":[{\"@type\":\"SearchAction\",\"target\":{\"@type\":\"EntryPoint\",\"urlTemplate\":\"https:\\\/\\\/somosbestiarii.com\\\/?s={search_term_string}\"},\"query-input\":{\"@type\":\"PropertyValueSpecification\",\"valueRequired\":true,\"valueName\":\"search_term_string\"}}],\"inLanguage\":\"es\"},{\"@type\":\"Organization\",\"@id\":\"https:\\\/\\\/somosbestiarii.com\\\/#organization\",\"name\":\"Somos Bestiarii\",\"url\":\"https:\\\/\\\/somosbestiarii.com\\\/\",\"logo\":{\"@type\":\"ImageObject\",\"inLanguage\":\"es\",\"@id\":\"https:\\\/\\\/somosbestiarii.com\\\/#\\\/schema\\\/logo\\\/image\\\/\",\"url\":\"https:\\\/\\\/somosbestiarii.com\\\/wp-content\\\/uploads\\\/2026\\\/04\\\/logo-sb-scaled-e1776397407322.png\",\"contentUrl\":\"https:\\\/\\\/somosbestiarii.com\\\/wp-content\\\/uploads\\\/2026\\\/04\\\/logo-sb-scaled-e1776397407322.png\",\"width\":2082,\"height\":858,\"caption\":\"Somos Bestiarii\"},\"image\":{\"@id\":\"https:\\\/\\\/somosbestiarii.com\\\/#\\\/schema\\\/logo\\\/image\\\/\"}}]}<\/script>\n<!-- \/ Yoast SEO plugin. -->","yoast_head_json":{"title":"M\u00fasica - Somos Bestiarii","robots":{"index":"index","follow":"follow","max-snippet":"max-snippet:-1","max-image-preview":"max-image-preview:large","max-video-preview":"max-video-preview:-1"},"canonical":"https:\/\/somosbestiarii.com\/index.php\/musica\/","og_locale":"es_ES","og_type":"article","og_title":"M\u00fasica - Somos Bestiarii","og_url":"https:\/\/somosbestiarii.com\/index.php\/musica\/","og_site_name":"Somos Bestiarii","article_modified_time":"2026-04-18T04:58:11+00:00","twitter_card":"summary_large_image","twitter_misc":{"Tiempo de lectura":"2 minutos"},"schema":{"@context":"https:\/\/schema.org","@graph":[{"@type":"WebPage","@id":"https:\/\/somosbestiarii.com\/index.php\/musica\/","url":"https:\/\/somosbestiarii.com\/index.php\/musica\/","name":"M\u00fasica - Somos Bestiarii","isPartOf":{"@id":"https:\/\/somosbestiarii.com\/#website"},"datePublished":"2026-04-17T16:32:03+00:00","dateModified":"2026-04-18T04:58:11+00:00","breadcrumb":{"@id":"https:\/\/somosbestiarii.com\/index.php\/musica\/#breadcrumb"},"inLanguage":"es","potentialAction":[{"@type":"ReadAction","target":["https:\/\/somosbestiarii.com\/index.php\/musica\/"]}]},{"@type":"BreadcrumbList","@id":"https:\/\/somosbestiarii.com\/index.php\/musica\/#breadcrumb","itemListElement":[{"@type":"ListItem","position":1,"name":"Portada","item":"https:\/\/somosbestiarii.com\/"},{"@type":"ListItem","position":2,"name":"M\u00fasica"}]},{"@type":"WebSite","@id":"https:\/\/somosbestiarii.com\/#website","url":"https:\/\/somosbestiarii.com\/","name":"Somos Bestiarii","description":"\u00a1Tu transformaci\u00f3n musical comienza aqu\u00ed!","publisher":{"@id":"https:\/\/somosbestiarii.com\/#organization"},"potentialAction":[{"@type":"SearchAction","target":{"@type":"EntryPoint","urlTemplate":"https:\/\/somosbestiarii.com\/?s={search_term_string}"},"query-input":{"@type":"PropertyValueSpecification","valueRequired":true,"valueName":"search_term_string"}}],"inLanguage":"es"},{"@type":"Organization","@id":"https:\/\/somosbestiarii.com\/#organization","name":"Somos Bestiarii","url":"https:\/\/somosbestiarii.com\/","logo":{"@type":"ImageObject","inLanguage":"es","@id":"https:\/\/somosbestiarii.com\/#\/schema\/logo\/image\/","url":"https:\/\/somosbestiarii.com\/wp-content\/uploads\/2026\/04\/logo-sb-scaled-e1776397407322.png","contentUrl":"https:\/\/somosbestiarii.com\/wp-content\/uploads\/2026\/04\/logo-sb-scaled-e1776397407322.png","width":2082,"height":858,"caption":"Somos Bestiarii"},"image":{"@id":"https:\/\/somosbestiarii.com\/#\/schema\/logo\/image\/"}}]}},"_links":{"self":[{"href":"https:\/\/somosbestiarii.com\/index.php\/wp-json\/wp\/v2\/pages\/38","targetHints":{"allow":["GET"]}}],"collection":[{"href":"https:\/\/somosbestiarii.com\/index.php\/wp-json\/wp\/v2\/pages"}],"about":[{"href":"https:\/\/somosbestiarii.com\/index.php\/wp-json\/wp\/v2\/types\/page"}],"author":[{"embeddable":true,"href":"https:\/\/somosbestiarii.com\/index.php\/wp-json\/wp\/v2\/users\/1"}],"replies":[{"embeddable":true,"href":"https:\/\/somosbestiarii.com\/index.php\/wp-json\/wp\/v2\/comments?post=38"}],"version-history":[{"count":23,"href":"https:\/\/somosbestiarii.com\/index.php\/wp-json\/wp\/v2\/pages\/38\/revisions"}],"predecessor-version":[{"id":171,"href":"https:\/\/somosbestiarii.com\/index.php\/wp-json\/wp\/v2\/pages\/38\/revisions\/171"}],"wp:attachment":[{"href":"https:\/\/somosbestiarii.com\/index.php\/wp-json\/wp\/v2\/media?parent=38"}],"curies":[{"name":"wp","href":"https:\/\/api.w.org\/{rel}","templated":true}]}}